{"id":11,"date":"2019-11-23T20:26:31","date_gmt":"2019-11-23T19:26:31","guid":{"rendered":"http:\/\/www.clsap.be\/wp\/?page_id=11"},"modified":"2026-01-24T13:39:23","modified_gmt":"2026-01-24T12:39:23","slug":"accueil","status":"publish","type":"page","link":"http:\/\/www.clsap.be\/wp\/","title":{"rendered":"Accueil"},"content":{"rendered":"<h1><\/h1>\n<h2 style=\"text-align: center;\"><span style=\"font-size: 18pt;\"><strong>Bienvenue sur le site web du chapitre libre et souverain des Amis philanthropes.<\/strong><\/span><\/h2>\n<p>La plupart des pages de ce site sont accessibles \u00e0 tous, aux francs-ma\u00e7ons comme \u00e0 ceux qui ne le sont pas (encore).\u00a0Les francs-ma\u00e7ons s&rsquo;y informeront de ce qui les attend apr\u00e8s le grade de ma\u00eetre.\u00a0Les visiteurs qui ne le sont pas y puiseront peut-\u00eatre de quoi nourrir leur r\u00e9flexion quant \u00e0 la possibilit\u00e9 de le devenir.<\/p>\n<p>Vous trouverez ici des informations actualis\u00e9es et utiles sur <a href=\"http:\/\/www.clsap.be\/wp\/le-rite-ecossais\/\">l\u2019\u00e9cossisme<\/a> en g\u00e9n\u00e9ral et sur <a href=\"http:\/\/www.clsap.be\/wp\/le-chapitre\/\">le chapitre<\/a> en particulier.<\/p>\n<p>Si la d\u00e9couverte des grades additionnels du rite \u00e9cossais vous intrigue, prenez <a href=\"http:\/\/www.clsap.be\/wp\/contact\/\">contact<\/a> avec nous&#8230; ou <a href=\"http:\/\/www.clsap.be\/wp\/nous-rejoindre\/\">lancez-vous<\/a>\u00a0dans cette aventure.<\/p>\n","protected":false},"excerpt":{"rendered":"<p>Bienvenue sur le site web du chapitre libre et souverain des Amis philanthropes. La plupart des pages de ce site sont accessibles \u00e0 tous, aux francs-ma\u00e7ons comme \u00e0 ceux qui ne le sont pas (encore).\u00a0Les francs-ma\u00e7ons s&rsquo;y informeront de ce qui les attend apr\u00e8s le grade de ma\u00eetre.\u00a0Les visiteurs qui ne le sont pas y &hellip; <\/p>\n<p class=\"link-more\"><a href=\"http:\/\/www.clsap.be\/wp\/\" class=\"more-link\">Continuer la lecture<span class=\"screen-reader-text\"> de &laquo;&nbsp;Accueil&nbsp;&raquo;<\/span><\/a><\/p>\n","protected":false},"author":2,"featured_media":0,"parent":0,"menu_order":0,"comment_status":"closed","ping_status":"closed","template":"","meta":{"footnotes":""},"class_list":["post-11","page","type-page","status-publish","hentry"],"_links":{"self":[{"href":"http:\/\/www.clsap.be\/wp\/wp-json\/wp\/v2\/pages\/11","targetHints":{"allow":["GET"]}}],"collection":[{"href":"http:\/\/www.clsap.be\/wp\/wp-json\/wp\/v2\/pages"}],"about":[{"href":"http:\/\/www.clsap.be\/wp\/wp-json\/wp\/v2\/types\/page"}],"author":[{"embeddable":true,"href":"http:\/\/www.clsap.be\/wp\/wp-json\/wp\/v2\/users\/2"}],"replies":[{"embeddable":true,"href":"http:\/\/www.clsap.be\/wp\/wp-json\/wp\/v2\/comments?post=11"}],"version-history":[{"count":42,"href":"http:\/\/www.clsap.be\/wp\/wp-json\/wp\/v2\/pages\/11\/revisions"}],"predecessor-version":[{"id":1188,"href":"http:\/\/www.clsap.be\/wp\/wp-json\/wp\/v2\/pages\/11\/revisions\/1188"}],"wp:attachment":[{"href":"http:\/\/www.clsap.be\/wp\/wp-json\/wp\/v2\/media?parent=11"}],"curies":[{"name":"wp","href":"https:\/\/api.w.org\/{rel}","templated":true}]}}